{"id":101,"date":"2025-06-16T11:29:29","date_gmt":"2025-06-16T11:29:29","guid":{"rendered":"https:\/\/ideagreen.pl\/?page_id=101"},"modified":"2025-06-16T13:07:13","modified_gmt":"2025-06-16T13:07:13","slug":"kontakt","status":"publish","type":"page","link":"https:\/\/ideagreen.pl\/?page_id=101","title":{"rendered":"Kontakt"},"content":{"rendered":"\t\t<div data-elementor-type=\"wp-page\" data-elementor-id=\"101\" class=\"elementor elementor-101\" data-elementor-post-type=\"page\">\n\t\t\t\t<div class=\"elementor-element elementor-element-ef9575d e-flex e-con-boxed e-con e-parent\" data-id=\"ef9575d\" data-element_type=\"container\" data-e-type=\"container\" data-settings=\"{&quot;background_background&quot;:&quot;classic&quot;,&quot;shape_divider_bottom&quot;:&quot;triangle&quot;}\">\n\t\t\t\t\t<div class=\"e-con-inner\">\n\t\t\t\t<div class=\"elementor-shape elementor-shape-bottom\" aria-hidden=\"true\" data-negative=\"false\">\n\t\t\t<svg xmlns=\"http:\/\/www.w3.org\/2000\/svg\" viewBox=\"0 0 1000 100\" preserveAspectRatio=\"none\">\n\t<path class=\"elementor-shape-fill\" d=\"M500,98.9L0,6.1V0h1000v6.1L500,98.9z\"\/>\n<\/svg>\t\t<\/div>\n\t\t\t\t<div class=\"elementor-element elementor-element-f54185d elementor-widget elementor-widget-spacer\" data-id=\"f54185d\" data-element_type=\"widget\" data-e-type=\"widget\" data-widget_type=\"spacer.default\">\n\t\t\t\t<div class=\"elementor-widget-container\">\n\t\t\t\t\t\t\t<div class=\"elementor-spacer\">\n\t\t\t<div class=\"elementor-spacer-inner\"><\/div>\n\t\t<\/div>\n\t\t\t\t\t\t<\/div>\n\t\t\t\t<\/div>\n\t\t\t\t<div class=\"elementor-element elementor-element-742850f elementor-widget elementor-widget-heading\" data-id=\"742850f\" data-element_type=\"widget\" data-e-type=\"widget\" data-widget_type=\"heading.default\">\n\t\t\t\t<div class=\"elementor-widget-container\">\n\t\t\t\t\t<h2 class=\"elementor-heading-title elementor-size-default\">Skontaktuj si\u0119 z nami<\/h2>\t\t\t\t<\/div>\n\t\t\t\t<\/div>\n\t\t\t\t<div class=\"elementor-element elementor-element-762b35e elementor-widget elementor-widget-spacer\" data-id=\"762b35e\" data-element_type=\"widget\" data-e-type=\"widget\" data-widget_type=\"spacer.default\">\n\t\t\t\t<div class=\"elementor-widget-container\">\n\t\t\t\t\t\t\t<div class=\"elementor-spacer\">\n\t\t\t<div class=\"elementor-spacer-inner\"><\/div>\n\t\t<\/div>\n\t\t\t\t\t\t<\/div>\n\t\t\t\t<\/div>\n\t\t\t\t\t<\/div>\n\t\t\t\t<\/div>\n\t\t<div class=\"elementor-element elementor-element-8929e03 e-flex e-con-boxed e-con e-parent\" data-id=\"8929e03\" data-element_type=\"container\" data-e-type=\"container\" data-settings=\"{&quot;shape_divider_top&quot;:&quot;triangle-asymmetrical&quot;}\">\n\t\t\t\t\t<div class=\"e-con-inner\">\n\t\t\t\t<div class=\"elementor-shape elementor-shape-top\" aria-hidden=\"true\" data-negative=\"false\">\n\t\t\t<svg xmlns=\"http:\/\/www.w3.org\/2000\/svg\" viewBox=\"0 0 1000 100\" preserveAspectRatio=\"none\">\n\t<path class=\"elementor-shape-fill\" d=\"M738,99l262-93V0H0v5.6L738,99z\"\/>\n<\/svg>\t\t<\/div>\n\t\t\t\t<div class=\"elementor-element elementor-element-2e2db2e elementor-widget elementor-widget-heading\" data-id=\"2e2db2e\" data-element_type=\"widget\" data-e-type=\"widget\" data-widget_type=\"heading.default\">\n\t\t\t\t<div class=\"elementor-widget-container\">\n\t\t\t\t\t<h2 class=\"elementor-heading-title elementor-size-default\">Formularz kontaktowy to nie narz\u0119dzie sprzeda\u017cowe.\nTo pierwszy krok do podj\u0119cia rzeczywistych dzia\u0142a\u0144 operacyjnych.<\/h2>\t\t\t\t<\/div>\n\t\t\t\t<\/div>\n\t\t\t\t<div class=\"elementor-element elementor-element-b1dd3d0 elementor-widget elementor-widget-heading\" data-id=\"b1dd3d0\" data-element_type=\"widget\" data-e-type=\"widget\" data-widget_type=\"heading.default\">\n\t\t\t\t<div class=\"elementor-widget-container\">\n\t\t\t\t\t<h2 class=\"elementor-heading-title elementor-size-default\">Zg\u0142oszenia trafiaj\u0105 bezpo\u015brednio do naszego zespo\u0142u \u2013 in\u017cynier\u00f3w, technolog\u00f3w i koordynator\u00f3w prac terenowych.<br><br>\nNie do automatu. <br>Nie do systemu CRM.<br>\nDo os\u00f3b odpowiedzialnych za analiz\u0119 i planowanie dzia\u0142a\u0144 w \u015brodowisku technicznym.<\/h2>\t\t\t\t<\/div>\n\t\t\t\t<\/div>\n\t\t\t\t\t<\/div>\n\t\t\t\t<\/div>\n\t\t<div class=\"elementor-element elementor-element-fce902b e-flex e-con-boxed e-con e-parent\" data-id=\"fce902b\" data-element_type=\"container\" data-e-type=\"container\">\n\t\t\t\t\t<div class=\"e-con-inner\">\n\t\t\t\t<div class=\"elementor-element elementor-element-fc4969d elementor-button-align-stretch elementor-widget elementor-widget-form\" data-id=\"fc4969d\" data-element_type=\"widget\" data-e-type=\"widget\" data-settings=\"{&quot;step_next_label&quot;:&quot;Next&quot;,&quot;step_previous_label&quot;:&quot;Previous&quot;,&quot;button_width&quot;:&quot;100&quot;,&quot;step_type&quot;:&quot;number_text&quot;,&quot;step_icon_shape&quot;:&quot;circle&quot;}\" data-widget_type=\"form.default\">\n\t\t\t\t<div class=\"elementor-widget-container\">\n\t\t\t\t\t\t\t<form class=\"elementor-form\" method=\"post\" name=\"New Form\" aria-label=\"New Form\">\n\t\t\t<input type=\"hidden\" name=\"post_id\" value=\"101\"\/>\n\t\t\t<input type=\"hidden\" name=\"form_id\" value=\"fc4969d\"\/>\n\t\t\t<input type=\"hidden\" name=\"referer_title\" value=\"Kontakt\" \/>\n\n\t\t\t\t\t\t\t<input type=\"hidden\" name=\"queried_id\" value=\"101\"\/>\n\t\t\t\n\t\t\t<div class=\"elementor-form-fields-wrapper elementor-labels-above\">\n\t\t\t\t\t\t\t\t<div class=\"elementor-field-type-text elementor-field-group elementor-column elementor-field-group-name elementor-col-100\">\n\t\t\t\t\t\t\t\t\t\t\t\t<label for=\"form-field-name\" class=\"elementor-field-label\">\n\t\t\t\t\t\t\t\tImi\u0119 i nazwisko\t\t\t\t\t\t\t<\/label>\n\t\t\t\t\t\t\t\t\t\t\t\t\t\t<input size=\"1\" type=\"text\" name=\"form_fields[name]\" id=\"form-field-name\" class=\"elementor-field elementor-size-sm  elementor-field-textual\" placeholder=\"Jan Idea\">\n\t\t\t\t\t\t\t\t\t\t\t<\/div>\n\t\t\t\t\t\t\t\t<div class=\"elementor-field-type-email elementor-field-group elementor-column elementor-field-group-email elementor-col-100 elementor-field-required\">\n\t\t\t\t\t\t\t\t\t\t\t\t<label for=\"form-field-email\" class=\"elementor-field-label\">\n\t\t\t\t\t\t\t\tAdres e-mail s\u0142u\u017cbowy\t\t\t\t\t\t\t<\/label>\n\t\t\t\t\t\t\t\t\t\t\t\t\t\t<input size=\"1\" type=\"email\" name=\"form_fields[email]\" id=\"form-field-email\" class=\"elementor-field elementor-size-sm  elementor-field-textual\" placeholder=\"E@mail\" required=\"required\">\n\t\t\t\t\t\t\t\t\t\t\t<\/div>\n\t\t\t\t\t\t\t\t<div class=\"elementor-field-type-tel elementor-field-group elementor-column elementor-field-group-field_ab21300 elementor-col-100\">\n\t\t\t\t\t\t\t\t\t\t\t\t<label for=\"form-field-field_ab21300\" class=\"elementor-field-label\">\n\t\t\t\t\t\t\t\tTelefon kontaktowy\t\t\t\t\t\t\t<\/label>\n\t\t\t\t\t\t\t\t<input size=\"1\" type=\"tel\" name=\"form_fields[field_ab21300]\" id=\"form-field-field_ab21300\" class=\"elementor-field elementor-size-sm  elementor-field-textual\" placeholder=\"+48 555 555 555\" pattern=\"[0-9()#&amp;+*-=.]+\" title=\"Only numbers and phone characters (#, -, *, etc) are accepted.\">\n\n\t\t\t\t\t\t<\/div>\n\t\t\t\t\t\t\t\t<div class=\"elementor-field-type-text elementor-field-group elementor-column elementor-field-group-field_fa966e5 elementor-col-100 elementor-field-required\">\n\t\t\t\t\t\t\t\t\t\t\t\t<label for=\"form-field-field_fa966e5\" class=\"elementor-field-label\">\n\t\t\t\t\t\t\t\tNazwa firmy \/ jednostki organizacyjnej\t\t\t\t\t\t\t<\/label>\n\t\t\t\t\t\t\t\t\t\t\t\t\t\t<input size=\"1\" type=\"text\" name=\"form_fields[field_fa966e5]\" id=\"form-field-field_fa966e5\" class=\"elementor-field elementor-size-sm  elementor-field-textual\" placeholder=\"Idea Green sp. z o.o.\" required=\"required\">\n\t\t\t\t\t\t\t\t\t\t\t<\/div>\n\t\t\t\t\t\t\t\t<div class=\"elementor-field-type-select elementor-field-group elementor-column elementor-field-group-field_9edcefa elementor-col-100\">\n\t\t\t\t\t\t\t\t\t\t\t\t<label for=\"form-field-field_9edcefa\" class=\"elementor-field-label\">\n\t\t\t\t\t\t\t\tTyp obiektu \t\t\t\t\t\t\t<\/label>\n\t\t\t\t\t\t\t\t<div class=\"elementor-field elementor-select-wrapper remove-before \">\n\t\t\t<div class=\"select-caret-down-wrapper\">\n\t\t\t\t<svg aria-hidden=\"true\" class=\"e-font-icon-svg e-eicon-caret-down\" viewBox=\"0 0 571.4 571.4\" xmlns=\"http:\/\/www.w3.org\/2000\/svg\"><path d=\"M571 393Q571 407 561 418L311 668Q300 679 286 679T261 668L11 418Q0 407 0 393T11 368 36 357H536Q550 357 561 368T571 393Z\"><\/path><\/svg>\t\t\t<\/div>\n\t\t\t<select name=\"form_fields[field_9edcefa]\" id=\"form-field-field_9edcefa\" class=\"elementor-field-textual elementor-size-sm\">\n\t\t\t\t\t\t\t\t\t<option value=\"Oczyszczalnia\">Oczyszczalnia<\/option>\n\t\t\t\t\t\t\t\t\t<option value=\"Separator \/ osadnik\">Separator \/ osadnik<\/option>\n\t\t\t\t\t\t\t\t\t<option value=\"Sk\u0142adowisko\">Sk\u0142adowisko<\/option>\n\t\t\t\t\t\t\t\t\t<option value=\"Teren zdegradowany\">Teren zdegradowany<\/option>\n\t\t\t\t\t\t\t\t\t<option value=\"Kanalizacja \/ przepompownia\">Kanalizacja \/ przepompownia<\/option>\n\t\t\t\t\t\t\t\t\t<option value=\"Inne\">Inne<\/option>\n\t\t\t\t\t\t\t<\/select>\n\t\t<\/div>\n\t\t\t\t\t\t<\/div>\n\t\t\t\t\t\t\t\t<div class=\"elementor-field-type-select elementor-field-group elementor-column elementor-field-group-field_99532ce elementor-col-100\">\n\t\t\t\t\t\t\t\t\t\t\t\t<label for=\"form-field-field_99532ce\" class=\"elementor-field-label\">\n\t\t\t\t\t\t\t\tOpis problemu lub potrzeby\t\t\t\t\t\t\t<\/label>\n\t\t\t\t\t\t\t\t<div class=\"elementor-field elementor-select-wrapper remove-before \">\n\t\t\t<div class=\"select-caret-down-wrapper\">\n\t\t\t\t<svg aria-hidden=\"true\" class=\"e-font-icon-svg e-eicon-caret-down\" viewBox=\"0 0 571.4 571.4\" xmlns=\"http:\/\/www.w3.org\/2000\/svg\"><path d=\"M571 393Q571 407 561 418L311 668Q300 679 286 679T261 668L11 418Q0 407 0 393T11 368 36 357H536Q550 357 561 368T571 393Z\"><\/path><\/svg>\t\t\t<\/div>\n\t\t\t<select name=\"form_fields[field_99532ce]\" id=\"form-field-field_99532ce\" class=\"elementor-field-textual elementor-size-sm\">\n\t\t\t\t\t\t\t\t\t<option value=\"&quot;Zator w przepompowni przy ul. Wodnej, cofka do kanalizacji wewn\u0119trznej.\u201d\">&quot;Zator w przepompowni przy ul. Wodnej, cofka do kanalizacji wewn\u0119trznej.\u201d<\/option>\n\t\t\t\t\t\t\t\t\t<option value=\"\u201eSeparator ropopochodny \u2013 brak dokumentacji, potrzeba przegl\u0105du i oceny stanu.\u201d\">\u201eSeparator ropopochodny \u2013 brak dokumentacji, potrzeba przegl\u0105du i oceny stanu.\u201d<\/option>\n\t\t\t\t\t\t\t\t\t<option value=\"\u201ePlan rekultywacji sk\u0142adowiska o powierzchni 1,8 ha, konieczna ekspertyza i etapowanie.\u201d\">\u201ePlan rekultywacji sk\u0142adowiska o powierzchni 1,8 ha, konieczna ekspertyza i etapowanie.\u201d<\/option>\n\t\t\t\t\t\t\t\t\t<option value=\"\u201eHumusowanie nasypu pod przysz\u0142\u0105 infrastruktur\u0119 \u2013 dzia\u0142ka przemys\u0142owa, teren gliniasty.\u201d\">\u201eHumusowanie nasypu pod przysz\u0142\u0105 infrastruktur\u0119 \u2013 dzia\u0142ka przemys\u0142owa, teren gliniasty.\u201d<\/option>\n\t\t\t\t\t\t\t\t\t<option value=\"\u201eZbiornik retencyjny \u2013 osad, przelewy awaryjne, potrzebna interwencja.\u201d\">\u201eZbiornik retencyjny \u2013 osad, przelewy awaryjne, potrzebna interwencja.\u201d<\/option>\n\t\t\t\t\t\t\t\t\t<option value=\"\u201eObiekt bez kanalizacji \u2013 cykliczny wyw\u00f3z nieczysto\u015bci ciek\u0142ych (4 zbiorniki, ka\u017cdy 10 m\u00b3).\u201d\">\u201eObiekt bez kanalizacji \u2013 cykliczny wyw\u00f3z nieczysto\u015bci ciek\u0142ych (4 zbiorniki, ka\u017cdy 10 m\u00b3).\u201d<\/option>\n\t\t\t\t\t\t\t\t\t<option value=\"\u201eChcemy uporz\u0105dkowa\u0107 teren zdegradowany (plac po zak\u0142adzie produkcyjnym), z przeznaczeniem pod inwestycj\u0119 drogow\u0105.\u201d\">\u201eChcemy uporz\u0105dkowa\u0107 teren zdegradowany (plac po zak\u0142adzie produkcyjnym), z przeznaczeniem pod inwestycj\u0119 drogow\u0105.\u201d<\/option>\n\t\t\t\t\t\t\t<\/select>\n\t\t<\/div>\n\t\t\t\t\t\t<\/div>\n\t\t\t\t\t\t\t\t<div class=\"elementor-field-type-textarea elementor-field-group elementor-column elementor-field-group-message elementor-col-100 elementor-field-required\">\n\t\t\t\t\t\t\t\t\t\t\t\t<label for=\"form-field-message\" class=\"elementor-field-label\">\n\t\t\t\t\t\t\t\tWiadomo\u015b\u0107\t\t\t\t\t\t\t<\/label>\n\t\t\t\t\t\t<textarea class=\"elementor-field-textual elementor-field  elementor-size-sm\" name=\"form_fields[message]\" id=\"form-field-message\" rows=\"4\" placeholder=\"Tw\u00f3j tekst\" required=\"required\"><\/textarea>\t\t\t\t<\/div>\n\t\t\t\t\t\t\t\t<div class=\"elementor-field-group elementor-column elementor-field-type-submit elementor-col-100 e-form__buttons\">\n\t\t\t\t\t<button class=\"elementor-button elementor-size-sm\" type=\"submit\">\n\t\t\t\t\t\t<span class=\"elementor-button-content-wrapper\">\n\t\t\t\t\t\t\t\t\t\t\t\t\t\t\t\t\t\t\t\t\t\t<span class=\"elementor-button-text\">Wy\u015blij<\/span>\n\t\t\t\t\t\t\t\t\t\t\t\t\t<\/span>\n\t\t\t\t\t<\/button>\n\t\t\t\t<\/div>\n\t\t\t<\/div>\n\t\t<\/form>\n\t\t\t\t\t\t<\/div>\n\t\t\t\t<\/div>\n\t\t\t\t<div class=\"elementor-element elementor-element-9b501d4 elementor-widget elementor-widget-heading\" data-id=\"9b501d4\" data-element_type=\"widget\" data-e-type=\"widget\" data-widget_type=\"heading.default\">\n\t\t\t\t<div class=\"elementor-widget-container\">\n\t\t\t\t\t<h2 class=\"elementor-heading-title elementor-size-default\">Co dzieje si\u0119 po przes\u0142aniu formularza?<\/h2>\t\t\t\t<\/div>\n\t\t\t\t<\/div>\n\t\t\t\t<div class=\"elementor-element elementor-element-57f7ce3 elementor-widget elementor-widget-heading\" data-id=\"57f7ce3\" data-element_type=\"widget\" data-e-type=\"widget\" data-widget_type=\"heading.default\">\n\t\t\t\t<div class=\"elementor-widget-container\">\n\t\t\t\t\t<h2 class=\"elementor-heading-title elementor-size-default\">\u2013 Ka\u017cde zg\u0142oszenie podlega weryfikacji technicznej.<br><br>\n\u2013 W ci\u0105gu jednego dnia roboczego kontaktujemy si\u0119 z Pa\u0144stwem \u2013 telefonicznie lub mailowo \u2013 w celu doprecyzowania zakresu i warunk\u00f3w.<br><br>\n\u2013 Je\u015bli wymaga tego sytuacja \u2013 planujemy wizj\u0119 lokaln\u0105 lub audyt stanu obiektu.<br><br>\n\u2013 Po ustaleniu danych wej\u015bciowych przygotowujemy harmonogram i tryb realizacji dzia\u0142a\u0144.<\/h2>\t\t\t\t<\/div>\n\t\t\t\t<\/div>\n\t\t\t\t<div class=\"elementor-element elementor-element-2907923 elementor-widget elementor-widget-heading\" data-id=\"2907923\" data-element_type=\"widget\" data-e-type=\"widget\" data-widget_type=\"heading.default\">\n\t\t\t\t<div class=\"elementor-widget-container\">\n\t\t\t\t\t<h2 class=\"elementor-heading-title elementor-size-default\">Wsp\u00f3\u0142praca z IDEA GREEN nie zaczyna si\u0119 od oferty.<\/h2>\t\t\t\t<\/div>\n\t\t\t\t<\/div>\n\t\t\t\t<div class=\"elementor-element elementor-element-c1db685 elementor-widget elementor-widget-heading\" data-id=\"c1db685\" data-element_type=\"widget\" data-e-type=\"widget\" data-widget_type=\"heading.default\">\n\t\t\t\t<div class=\"elementor-widget-container\">\n\t\t\t\t\t<h2 class=\"elementor-heading-title elementor-size-default\">Zaczyna si\u0119 od rozpoznania potrzeb eksploatacyjnych i \u015brodowiskowych \u2013 a dopiero potem przechodzi w dzia\u0142anie.<\/h2>\t\t\t\t<\/div>\n\t\t\t\t<\/div>\n\t\t\t\t\t<\/div>\n\t\t\t\t<\/div>\n\t\t<div class=\"elementor-element elementor-element-a6ff445 e-flex e-con-boxed e-con e-parent\" data-id=\"a6ff445\" data-element_type=\"container\" data-e-type=\"container\">\n\t\t\t\t\t<div class=\"e-con-inner\">\n\t\t<div class=\"elementor-element elementor-element-2401668 e-con-full e-flex e-con e-child\" data-id=\"2401668\" data-element_type=\"container\" data-e-type=\"container\">\n\t\t\t\t<div class=\"elementor-element elementor-element-e74138c elementor-widget elementor-widget-image\" data-id=\"e74138c\" data-element_type=\"widget\" data-e-type=\"widget\" data-settings=\"{&quot;motion_fx_motion_fx_scrolling&quot;:&quot;yes&quot;,&quot;motion_fx_devices&quot;:[&quot;desktop&quot;,&quot;tablet&quot;,&quot;mobile&quot;]}\" data-widget_type=\"image.default\">\n\t\t\t\t<div class=\"elementor-widget-container\">\n\t\t\t\t\t\t\t\t\t\t\t\t\t\t\t\t<a href=\"http:\/\/ideagreen.pl\">\n\t\t\t\t\t\t\t<img fetchpriority=\"high\" decoding=\"async\" width=\"300\" height=\"300\" src=\"https:\/\/ideagreen.pl\/wp-content\/uploads\/2025\/06\/Ideagreen-300x300.png\" class=\"attachment-medium size-medium wp-image-24\" alt=\"\" srcset=\"https:\/\/ideagreen.pl\/wp-content\/uploads\/2025\/06\/Ideagreen-300x300.png 300w, https:\/\/ideagreen.pl\/wp-content\/uploads\/2025\/06\/Ideagreen-1024x1022.png 1024w, https:\/\/ideagreen.pl\/wp-content\/uploads\/2025\/06\/Ideagreen-150x150.png 150w, https:\/\/ideagreen.pl\/wp-content\/uploads\/2025\/06\/Ideagreen-768x767.png 768w, https:\/\/ideagreen.pl\/wp-content\/uploads\/2025\/06\/Ideagreen.png 1037w\" sizes=\"(max-width: 300px) 100vw, 300px\" \/>\t\t\t\t\t\t\t\t<\/a>\n\t\t\t\t\t\t\t\t\t\t\t\t\t\t\t<\/div>\n\t\t\t\t<\/div>\n\t\t\t\t<\/div>\n\t\t<div class=\"elementor-element elementor-element-2d3e0fd e-con-full e-flex e-con e-child\" data-id=\"2d3e0fd\" data-element_type=\"container\" data-e-type=\"container\">\n\t\t\t\t<div class=\"elementor-element elementor-element-f8d2f06 elementor-widget elementor-widget-image\" data-id=\"f8d2f06\" data-element_type=\"widget\" data-e-type=\"widget\" data-settings=\"{&quot;motion_fx_motion_fx_scrolling&quot;:&quot;yes&quot;,&quot;motion_fx_devices&quot;:[&quot;desktop&quot;,&quot;tablet&quot;,&quot;mobile&quot;]}\" data-widget_type=\"image.default\">\n\t\t\t\t<div class=\"elementor-widget-container\">\n\t\t\t\t\t\t\t\t\t\t\t\t\t\t\t\t<a href=\"https:\/\/ideagreen.pl\/?page_id=132\">\n\t\t\t\t\t\t\t<img decoding=\"async\" width=\"297\" height=\"300\" src=\"https:\/\/ideagreen.pl\/wp-content\/uploads\/2025\/06\/Zrzut-ekranu-2025-06-16-132605-297x300.png\" class=\"attachment-medium size-medium wp-image-104\" alt=\"\" srcset=\"https:\/\/ideagreen.pl\/wp-content\/uploads\/2025\/06\/Zrzut-ekranu-2025-06-16-132605-297x300.png 297w, https:\/\/ideagreen.pl\/wp-content\/uploads\/2025\/06\/Zrzut-ekranu-2025-06-16-132605-1014x1024.png 1014w, https:\/\/ideagreen.pl\/wp-content\/uploads\/2025\/06\/Zrzut-ekranu-2025-06-16-132605-768x775.png 768w, https:\/\/ideagreen.pl\/wp-content\/uploads\/2025\/06\/Zrzut-ekranu-2025-06-16-132605.png 1038w\" sizes=\"(max-width: 297px) 100vw, 297px\" \/>\t\t\t\t\t\t\t\t<\/a>\n\t\t\t\t\t\t\t\t\t\t\t\t\t\t\t<\/div>\n\t\t\t\t<\/div>\n\t\t\t\t<\/div>\n\t\t\t\t\t<\/div>\n\t\t\t\t<\/div>\n\t\t<div class=\"elementor-element elementor-element-ff45742 e-flex e-con-boxed e-con e-parent\" data-id=\"ff45742\" data-element_type=\"container\" data-e-type=\"container\" data-settings=\"{&quot;background_background&quot;:&quot;classic&quot;}\">\n\t\t\t\t\t<div class=\"e-con-inner\">\n\t\t<div class=\"elementor-element elementor-element-36c94af e-con-full e-flex e-con e-child\" data-id=\"36c94af\" data-element_type=\"container\" data-e-type=\"container\">\n\t\t\t\t<div class=\"elementor-element elementor-element-0985b18 elementor-widget elementor-widget-heading\" data-id=\"0985b18\" data-element_type=\"widget\" data-e-type=\"widget\" data-widget_type=\"heading.default\">\n\t\t\t\t<div class=\"elementor-widget-container\">\n\t\t\t\t\t<h2 class=\"elementor-heading-title elementor-size-default\">\u00a9 2025 IDEA GREEN Sp. z o.o.<br>\nWszelkie prawa zastrze\u017cone. Strona chroniona prawem autorskim.<\/h2>\t\t\t\t<\/div>\n\t\t\t\t<\/div>\n\t\t\t\t<\/div>\n\t\t<div class=\"elementor-element elementor-element-6b0722a e-con-full e-flex e-con e-child\" data-id=\"6b0722a\" data-element_type=\"container\" data-e-type=\"container\">\n\t\t\t\t<div class=\"elementor-element elementor-element-e7abb70 elementor-widget elementor-widget-heading\" data-id=\"e7abb70\" data-element_type=\"widget\" data-e-type=\"widget\" data-widget_type=\"heading.default\">\n\t\t\t\t<div class=\"elementor-widget-container\">\n\t\t\t\t\t<h2 class=\"elementor-heading-title elementor-size-default\">Made with green love<br>in Poland<\/h2>\t\t\t\t<\/div>\n\t\t\t\t<\/div>\n\t\t\t\t<\/div>\n\t\t\t\t\t<\/div>\n\t\t\t\t<\/div>\n\t\t\t\t<\/div>\n\t\t","protected":false},"excerpt":{"rendered":"<p>Skontaktuj si\u0119 z nami Formularz kontaktowy to nie narz\u0119dzie sprzeda\u017cowe. To pierwszy krok do podj\u0119cia rzeczywistych dzia\u0142a\u0144 operacyjnych. Zg\u0142oszenia trafiaj\u0105 bezpo\u015brednio do naszego zespo\u0142u \u2013 in\u017cynier\u00f3w, technolog\u00f3w i koordynator\u00f3w prac terenowych. Nie do automatu. Nie do systemu CRM. Do os\u00f3b odpowiedzialnych za analiz\u0119 i planowanie dzia\u0142a\u0144 w \u015brodowisku technicznym. Co dzieje si\u0119 po przes\u0142aniu formularza? [&hellip;]<\/p>\n","protected":false},"author":1,"featured_media":0,"parent":0,"menu_order":0,"comment_status":"closed","ping_status":"closed","template":"elementor_canvas","meta":{"footnotes":""},"class_list":["post-101","page","type-page","status-publish","hentry"],"_links":{"self":[{"href":"https:\/\/ideagreen.pl\/index.php?rest_route=\/wp\/v2\/pages\/101","targetHints":{"allow":["GET"]}}],"collection":[{"href":"https:\/\/ideagreen.pl\/index.php?rest_route=\/wp\/v2\/pages"}],"about":[{"href":"https:\/\/ideagreen.pl\/index.php?rest_route=\/wp\/v2\/types\/page"}],"author":[{"embeddable":true,"href":"https:\/\/ideagreen.pl\/index.php?rest_route=\/wp\/v2\/users\/1"}],"replies":[{"embeddable":true,"href":"https:\/\/ideagreen.pl\/index.php?rest_route=%2Fwp%2Fv2%2Fcomments&post=101"}],"version-history":[{"count":28,"href":"https:\/\/ideagreen.pl\/index.php?rest_route=\/wp\/v2\/pages\/101\/revisions"}],"predecessor-version":[{"id":168,"href":"https:\/\/ideagreen.pl\/index.php?rest_route=\/wp\/v2\/pages\/101\/revisions\/168"}],"wp:attachment":[{"href":"https:\/\/ideagreen.pl\/index.php?rest_route=%2Fwp%2Fv2%2Fmedia&parent=101"}],"curies":[{"name":"wp","href":"https:\/\/api.w.org\/{rel}","templated":true}]}}